{"id":137839,"date":"2026-03-19T13:16:32","date_gmt":"2026-03-19T11:16:32","guid":{"rendered":"https:\/\/www.arteescuela.com\/?post_type=product&#038;p=137839"},"modified":"2026-03-19T13:19:01","modified_gmt":"2026-03-19T11:19:01","slug":"suscripcion-curso-vitalicio-pintura-artistica-ex","status":"publish","type":"product","link":"https:\/\/www.arteescuela.com\/en\/producto\/suscripcion-curso-vitalicio-pintura-artistica-ex\/","title":{"rendered":"SUSCRIPCI\u00d3N CURSO VITALICIO PINTURA ART\u00cdSTICA &#8211; EX"},"content":{"rendered":"<h2>Programaci\u00f3n y contenido del curso<\/h2>\n<p>El curso incluye <b>25 meses de acceso<\/b> a nuestra escuela online los <b>365 d\u00edas del a\u00f1o<\/b>, consulta ilimitadas a nuestros profesores con respuesta en <b>24h de lunes a viernes<\/b>, una introducci\u00f3n general con lecciones y <b>10 m\u00f3dulos completos<\/b> con visualizaciones ilimitadas y ejercicios que podr\u00e1s descargar para realizar y futura correcci\u00f3n por los profesores, concursos con premios, <i>webinars\u00a0 <\/i>y alguna sorpresa m\u00e1s.<\/p>\n<p>En esta convocatoria tambi\u00e9n se incluye el <b>material para iniciar el curso de manera gratuita<\/b>.<\/p>\n<div class=\"ast-oembed-container \" style=\"height: 100%;\"><iframe src=\"https:\/\/player.vimeo.com\/video\/439251516?h=4591c3d4a0&amp;dnt=1&amp;app_id=122963\" width=\"500\" height=\"281\" frameborder=\"0\" allow=\"autoplay; fullscreen; picture-in-picture; clipboard-write; encrypted-media; web-share\" referrerpolicy=\"strict-origin-when-cross-origin\"><\/iframe><\/div>\n<h3>M\u00f3dulo 0. Introducci\u00f3n a las artes pl\u00e1sticas<\/h3>\n<p>En este m\u00f3dulo, a modo de presentaci\u00f3n e introducci\u00f3n al mundo de las artes pl\u00e1sticas, hablaremos sobre la <strong>din\u00e1mica y el m\u00e9todo de aprendizaje<\/strong> que seguiremos y de c\u00f3mo cualquier persona con voluntad e inter\u00e9s es capaz de llegar lo lejos que se proponga siempre que est\u00e9 dispuesta a aprender a analizar.<\/p>\n<p>Conoceremos la <strong>diferencias entre el dibujo y la pintura<\/strong> y hablaremos sobre las <strong>superficies<\/strong> verticales y horizontales a la hora de trabajar, la <strong>higiene postural correcta<\/strong> y el <strong>orden y comodidad<\/strong> en nuestro espacio de trabajo.<\/p>\n<h3>M\u00f3dulo I. Materiales, uso y composici\u00f3n de los mismos<\/h3>\n<p>En este m\u00f3dulo trataremos un tema importante, como son los <strong>materiales necesarios para pintar<\/strong> y que utilizaremos durante el curso.<\/p>\n<p>Analizaremos la <strong>composici\u00f3n de cada uno <\/strong>de ellos y aprenderemos a utilizarlos correctamente a trav\u00e9s de ejercicios pr\u00e1cticos. Profundizaremos en aspectos como las <strong>t\u00e9cnicas para el uso del carboncillo<\/strong>, exploraremos el <strong>manejo de los acr\u00edlicos<\/strong> y adquiriremos todos los conocimientos necesarios sobre la <strong>pintura al \u00f3leo<\/strong> y el uso y orden de los complementos indispensables para esta disciplina.<\/p>\n<p>https:\/\/vimeo.com\/486810974\/e78202771dhttps:\/\/vimeo.com\/484089803\/e30523c3d6<\/p>\n<h3>M\u00f3dulo II. La l\u00ednea y el encaje<\/h3>\n<p>En estas lecciones comprenderemos la importancia de una buena <strong>base en dibujo<\/strong> antes de adentrarnos el aprendizaje de la pintura. Os ense\u00f1aremos t\u00e9cnicas para el <strong>encaje previo del dibujo<\/strong> siguiendo procedimientos sencillos de comprender.<\/p>\n<p>Trabajaremos desde la <strong>deconstrucci\u00f3n <\/strong>en formas sencillas al <strong>encaje del natural<\/strong>, pasando por el recurso de <strong>la cuadr\u00edcula<\/strong>. Tambi\u00e9n incidiremos en la importancia del estudio y el bocetaje previos a una pintura. Todo esto con el objetivo de entrenar nuestros cerebros de artista.<\/p>\n<h3>M\u00f3dulo III. Las bases de la luz y el color<\/h3>\n<p>Este m\u00f3dulo proporciona una <strong>base s\u00f3lida sobre la teor\u00eda de la luz y del color<\/strong>, important\u00edsima a la hora del aprendizaje de la pintura.<\/p>\n<p>A lo largo de sus lecciones comprenderemos sus <strong>fundamentos f\u00edsicos<\/strong>, profundizaremos en conceptos como el <strong>valor tonal<\/strong> y el <strong>claroscuro<\/strong>, estudiaremos el <strong>c\u00edrculo crom\u00e1tico<\/strong>, los conceptos de temperatura, luminosidad y saturaci\u00f3n, la importancia de los <strong>tonos complementarios<\/strong> y el uso en pintura de <strong>tonos quebrados<\/strong>, la armon\u00eda en las paletas y aspectos importantes sobre <strong>psicolog\u00eda del color<\/strong>.<\/p>\n<p>https:\/\/vimeo.com\/489747104\/ffff4f5944https:\/\/vimeo.com\/489747832\/98d4272265<\/p>\n<h3>M\u00f3dulo IV. Dominando la luz y el color<\/h3>\n<p>En estas lecciones avanzaremos en el <strong>estudio de la luz y el color<\/strong> abord\u00e1ndolos desde la perspectiva \u00fanica del pintor. Aplicando todo el conocimiento te\u00f3rico adquirido, ahondaremos m\u00e1s en la importancia de quebrar los tonos.<\/p>\n<p>Aprenderemos el <strong>uso y orden correcto en la paleta<\/strong>, la armon\u00eda y la derivaci\u00f3n de tonos en ella. Desarrollaremos t\u00e9cnicas para obtener <strong>mezclas concretas de color<\/strong> y entenderemos el funcionamiento de la tendencia fr\u00eda o c\u00e1lida de las <strong>sombras<\/strong> en funci\u00f3n de la temperatura de la luz de la imagen a trabajar.<\/p>\n<h3>M\u00f3dulo V. El retrato<\/h3>\n<p>En este m\u00f3dulo abordaremos un tema tan complejo como llamativo para el aprendiz: <strong>el retrato<\/strong>.<\/p>\n<p>A lo largo del mismo estudiaremos cada elemento facial junto con el movimiento de la cabeza y del busto para obtener una <strong>buena base anat\u00f3mica<\/strong>. Conoceremos los tonos adecuados para las <strong>carnaciones<\/strong> en funci\u00f3n del tipo de piel y aprenderemos la importancia de los peque\u00f1os detalles para lograr el parecido. Estudiaremos <strong>gestualidad<\/strong> y otros aspectos importantes como el efecto del paso del tiempo en la piel.<\/p>\n<p>https:\/\/vimeo.com\/481780678\/07f09eb2a9https:\/\/vimeo.com\/486300368\/a095860dac<\/p>\n<h3>M\u00f3dulo VI. El cuerpo humano<\/h3>\n<p>Estas lecciones est\u00e1n dedicadas a la <strong>representaci\u00f3n de la figura humana<\/strong>.<\/p>\n<p>Estudiaremos la <strong>estructura \u00f3sea y muscular<\/strong> para comprender la anatom\u00eda y posteriormente entender el equilibrio a trav\u00e9s de los <strong>puntos de gravedad y apoyo<\/strong> en las posturas para que estas funcionen correctamente. Soltaremos la mano mediante el <strong>bocetaje<\/strong> y algunas sesiones de <strong>pintura r\u00e1pida<\/strong>, que nos aportar\u00e1n seguridad en el estudio anat\u00f3mico y el movimiento, y trabajaremos las diferentes tendencias fr\u00edas \u00f3 c\u00e1lidas en el <strong>color de la piel<\/strong>.<\/p>\n<h3>M\u00f3dulo VII. Materiales y texturas<\/h3>\n<p>En estas lecciones aprenderemos nuevas t\u00e9cnicas y herramientas para conseguir <strong>diferenciar texturas concretas<\/strong> de cara a ser capaces de <strong>representar distintos materiales<\/strong>.<\/p>\n<p>Trabajaremos minuciosamente para conseguir efectos muy concretos en una serie de <strong>materiales variados<\/strong> como la madera, los tejidos, metales, muros, cristal o vidrio. Abordaremos el <strong>volumen desde el soporte<\/strong> y aprovecharemos para explorar <strong>nuevas t\u00e9cnicas m\u00e1s sueltas y desenfadas<\/strong>. Al finalizar el m\u00f3dulo, habr\u00e1s incorporado nuevos recursos expresivos a tu repertorio que te ser\u00e1n muy \u00fatiles en tu recorrido de artista.<\/p>\n<p>https:\/\/vimeo.com\/498291405\/85097625adhttps:\/\/vimeo.com\/519499373\/9a344706e4<\/p>\n<h3>M\u00f3dulo VIII. Naturaleza animal y bot\u00e1nica\u200b<\/h3>\n<p>En este m\u00f3dulo trabajaremos en la <strong>soltura del gesto y en la expresividad<\/strong> y trataremos de <strong>ganar seguridad en la pincelada.<\/strong> Exploraremos texturas mediante el estudio de la bot\u00e1nica y continuaremos trabajando el encaje, el retrato y la anatom\u00eda a trav\u00e9s del mundo animal.<\/p>\n<p>Mediante la exploraci\u00f3n de <strong>recursos nuevos<\/strong> y el <strong>an\u00e1lisis de las t\u00e9cnicas que usan otros artistas<\/strong>, ampliaremos nuestro abanico expresivo y nos acercaremos a <strong>encontrar nuestro lenguaje propio<\/strong> para definirnos como artistas \u00fanicos.<\/p>\n<h3>M\u00f3dulo IX. Paisaje y perspectiva\u200b<\/h3>\n<p>En este m\u00f3dulo profundizamos en temas fundamentales en pintura, como son la <strong>perspectiva<\/strong> y el <strong>paisaje<\/strong>.<\/p>\n<p>A lo largo de las lecciones estudiaremos los <strong>principios te\u00f3ricos de la perspectiva<\/strong> y ahondaremos en aspectos como la iluminaci\u00f3n o el <strong>uso de tonos derivados en la paleta<\/strong>. A continuaci\u00f3n, pondremos en acci\u00f3n todos los conocimientos adquiridos en la representaci\u00f3n de elementos naturales y urbanos, comprendiendo su aspecto y dominando las t\u00e9cnicas m\u00e1s eficaces para <strong>obtener escenarios vibrantes<\/strong>.<\/p>\n<div class=\"ast-oembed-container \" style=\"height: 100%;\"><iframe src=\"https:\/\/player.vimeo.com\/video\/507089149?h=491798b1fb&amp;dnt=1&amp;app_id=122963\" width=\"500\" height=\"281\" frameborder=\"0\" allow=\"autoplay; fullscreen; picture-in-picture; clipboard-write; encrypted-media; web-share\" referrerpolicy=\"strict-origin-when-cross-origin\"><\/iframe><\/div>\n<h3>Esto es solo una peque\u00f1a pincelada&#8230;<\/h3>\n<p>Echa un vistazo al dossier con la programaci\u00f3n para tener informaci\u00f3n de cada uno de los 10 m\u00f3dulos que componen este Curso de Iniciaci\u00f3n + Avanzado de Pintura\u00a0 y Dibujo.<\/p>\n<p><a role=\"button\" href=\"https:\/\/www.arteescuela.com\/wp-content\/uploads\/2021\/03\/PROGRAMACIO\u0301N-CURSO-PINTURA-ARTE-FINAL-2_MARZO-2021.pdf\" target=\"_blank\" rel=\"noopener\"><br \/>\nDescargar el dossier del curso<br \/>\n<\/a><\/p>\n<h3>Reserva ya tu plaza<\/h3>\n<h3>Plazas limitadas<\/h3>\n<p><img fetchpriority=\"high\" decoding=\"async\" src=\"https:\/\/www.arteescuela.com\/wp-content\/uploads\/2020\/04\/06_guepardo_tb-01-1024x137.webp\" sizes=\"(max-width: 1024px) 100vw, 1024px\" srcset=\"https:\/\/www.arteescuela.com\/wp-content\/uploads\/2020\/04\/06_guepardo_tb-01-1024x137.webp 1024w, https:\/\/www.arteescuela.com\/wp-content\/uploads\/2020\/04\/06_guepardo_tb-01-300x40.webp 300w, https:\/\/www.arteescuela.com\/wp-content\/uploads\/2020\/04\/06_guepardo_tb-01-768x103.webp 768w, https:\/\/www.arteescuela.com\/wp-content\/uploads\/2020\/04\/06_guepardo_tb-01-1536x205.webp 1536w, https:\/\/www.arteescuela.com\/wp-content\/uploads\/2020\/04\/06_guepardo_tb-01-300x269.webp 400w, https:\/\/www.arteescuela.com\/wp-content\/uploads\/2020\/04\/06_guepardo_tb-01-100x100.webp 600w, https:\/\/www.arteescuela.com\/wp-content\/uploads\/2020\/04\/06_guepardo_tb-01.webp 2014w\" alt=\"trazo guepardo del curso de pintura\" width=\"1024\" height=\"137\" title=\"\"><br \/>\n<img decoding=\"async\" src=\"https:\/\/www.arteescuela.com\/wp-content\/uploads\/2020\/04\/06_guepardo-1024x86.webp\" sizes=\"(max-width: 1024px) 100vw, 1024px\" srcset=\"https:\/\/www.arteescuela.com\/wp-content\/uploads\/2020\/04\/06_guepardo-1024x86.webp 1024w, https:\/\/www.arteescuela.com\/wp-content\/uploads\/2020\/04\/06_guepardo-300x25.webp 300w, https:\/\/www.arteescuela.com\/wp-content\/uploads\/2020\/04\/06_guepardo-768x65.webp 768w, https:\/\/www.arteescuela.com\/wp-content\/uploads\/2020\/04\/06_guepardo-1536x130.webp 1536w, https:\/\/www.arteescuela.com\/wp-content\/uploads\/2020\/04\/06_guepardo-300x170.webp 400w, https:\/\/www.arteescuela.com\/wp-content\/uploads\/2020\/04\/06_guepardo-100x100.webp 600w, https:\/\/www.arteescuela.com\/wp-content\/uploads\/2020\/04\/06_guepardo.webp 2014w\" alt=\"trazo guepardo del curso de pintura\" width=\"1024\" height=\"86\" title=\"\"><\/p>\n<h3>CURSO DE INICIACI\u00d3N + AVANZADO DE PINTURA Y DIBUJO<\/h3>\n<h3>Disponible para reserva<\/h3>\n<p><a role=\"button\" href=\"https:\/\/www.arteescuela.com\/comprar-curso-avanzado-pintura-artistica\/\"><br \/>\nMatricularme ahora<br \/>\n<\/a><\/p>\n","protected":false},"excerpt":{"rendered":"<p>Programaci\u00f3n y contenido del curso El curso incluye 25 meses de acceso a nuestra escuela online los 365 d\u00edas del a\u00f1o, consulta ilimitadas a nuestros profesores con respuesta en 24h de lunes a viernes, una introducci\u00f3n general con lecciones y 10 m\u00f3dulos completos con visualizaciones ilimitadas y ejercicios que podr\u00e1s descargar para realizar y futura [&hellip;]<\/p>\n","protected":false},"featured_media":45702,"comment_status":"closed","ping_status":"closed","template":"","meta":{"_bbp_topic_count":0,"_bbp_reply_count":0,"_bbp_total_topic_count":0,"_bbp_total_reply_count":0,"_bbp_voice_count":0,"_bbp_anonymous_reply_count":0,"_bbp_topic_count_hidden":0,"_bbp_reply_count_hidden":0,"_bbp_forum_subforum_count":0,"site-sidebar-layout":"no-sidebar","site-content-layout":"plain-container","ast-site-content-layout":"normal-width-container","site-content-style":"unboxed","site-sidebar-style":"unboxed","ast-global-header-display":"","ast-banner-title-visibility":"","ast-main-header-display":"","ast-hfb-above-header-display":"","ast-hfb-below-header-display":"","ast-hfb-mobile-header-display":"","site-post-title":"","ast-breadcrumbs-content":"","ast-featured-img":"","footer-sml-layout":"","ast-disable-related-posts":"","theme-transparent-header-meta":"default","adv-header-id-meta":"","stick-header-meta":"","header-above-stick-meta":"","header-main-stick-meta":"","header-below-stick-meta":"","astra-migrate-meta-layouts":"set","ast-page-background-enabled":"default","ast-page-background-meta":{"desktop":{"background-color":"","background-image":"","background-repeat":"repeat","background-position":"center center","background-size":"auto","background-attachment":"scroll","background-type":"","background-media":"","overlay-type":"","overlay-color":"","overlay-opacity":"","overlay-gradient":""},"tablet":{"background-color":"","background-image":"","background-repeat":"repeat","background-position":"center center","background-size":"auto","background-attachment":"scroll","background-type":"","background-media":"","overlay-type":"","overlay-color":"","overlay-opacity":"","overlay-gradient":""},"mobile":{"background-color":"","background-image":"","background-repeat":"repeat","background-position":"center center","background-size":"auto","background-attachment":"scroll","background-type":"","background-media":"","overlay-type":"","overlay-color":"","overlay-opacity":"","overlay-gradient":""}},"ast-content-background-meta":{"desktop":{"background-color":"var(--ast-global-color-5)","background-image":"","background-repeat":"repeat","background-position":"center center","background-size":"auto","background-attachment":"scroll","background-type":"","background-media":"","overlay-type":"","overlay-color":"","overlay-opacity":"","overlay-gradient":""},"tablet":{"background-color":"var(--ast-global-color-5)","background-image":"","background-repeat":"repeat","background-position":"center center","background-size":"auto","background-attachment":"scroll","background-type":"","background-media":"","overlay-type":"","overlay-color":"","overlay-opacity":"","overlay-gradient":""},"mobile":{"background-color":"var(--ast-global-color-5)","background-image":"","background-repeat":"repeat","background-position":"center center","background-size":"auto","background-attachment":"scroll","background-type":"","background-media":"","overlay-type":"","overlay-color":"","overlay-opacity":"","overlay-gradient":""}}},"product_brand":[],"product_cat":[70],"product_tag":[],"class_list":{"0":"post-137839","1":"product","2":"type-product","3":"status-publish","4":"has-post-thumbnail","6":"product_cat-cursos","7":"desktop-align-left","8":"tablet-align-left","9":"mobile-align-left","11":"first","12":"onbackorder","13":"virtual","14":"sold-individually","15":"taxable","16":"purchasable","17":"product-type-subscription"},"_links":{"self":[{"href":"https:\/\/www.arteescuela.com\/en\/wp-json\/wp\/v2\/product\/137839","targetHints":{"allow":["GET"]}}],"collection":[{"href":"https:\/\/www.arteescuela.com\/en\/wp-json\/wp\/v2\/product"}],"about":[{"href":"https:\/\/www.arteescuela.com\/en\/wp-json\/wp\/v2\/types\/product"}],"replies":[{"embeddable":true,"href":"https:\/\/www.arteescuela.com\/en\/wp-json\/wp\/v2\/comments?post=137839"}],"version-history":[{"count":2,"href":"https:\/\/www.arteescuela.com\/en\/wp-json\/wp\/v2\/product\/137839\/revisions"}],"predecessor-version":[{"id":137843,"href":"https:\/\/www.arteescuela.com\/en\/wp-json\/wp\/v2\/product\/137839\/revisions\/137843"}],"wp:featuredmedia":[{"embeddable":true,"href":"https:\/\/www.arteescuela.com\/en\/wp-json\/wp\/v2\/media\/45702"}],"wp:attachment":[{"href":"https:\/\/www.arteescuela.com\/en\/wp-json\/wp\/v2\/media?parent=137839"}],"wp:term":[{"taxonomy":"product_brand","embeddable":true,"href":"https:\/\/www.arteescuela.com\/en\/wp-json\/wp\/v2\/product_brand?post=137839"},{"taxonomy":"product_cat","embeddable":true,"href":"https:\/\/www.arteescuela.com\/en\/wp-json\/wp\/v2\/product_cat?post=137839"},{"taxonomy":"product_tag","embeddable":true,"href":"https:\/\/www.arteescuela.com\/en\/wp-json\/wp\/v2\/product_tag?post=137839"}],"curies":[{"name":"wp","href":"https:\/\/api.w.org\/{rel}","templated":true}]}}